{"id":1234,"date":"2024-09-04T11:43:14","date_gmt":"2024-09-04T11:43:14","guid":{"rendered":"https:\/\/makrovit.com\/?page_id=1234"},"modified":"2024-09-12T13:43:22","modified_gmt":"2024-09-12T13:43:22","slug":"kataloglar","status":"publish","type":"page","link":"https:\/\/makro.oyedek.com\/en\/catalogues\/","title":{"rendered":"Catalogs"},"content":{"rendered":"<p>[et_pb_section fb_built=&#8221;1&#8243; custom_padding_last_edited=&#8221;off|desktop&#8221; admin_label=&#8221;Header&#8221; module_id=&#8221;neden&#8221; _builder_version=&#8221;4.25.0&#8243; background_color=&#8221;gcid-676d71be-c0a0-4e50-8a2c-ab454f9cea66&#8243; background_image=&#8221;https:\/\/makrovit.com\/wp-content\/uploads\/2024\/08\/mobile-app_89.png&#8221; background_position=&#8221;bottom_center&#8221; overflow-x=&#8221;hidden&#8221; overflow-y=&#8221;hidden&#8221; custom_margin_tablet=&#8221;&#8221; custom_margin_phone=&#8221;||||false|false&#8221; custom_margin_last_edited=&#8221;on|phone&#8221; custom_padding=&#8221;132px||||false|false&#8221; global_colors_info=&#8221;{%22gcid-676d71be-c0a0-4e50-8a2c-ab454f9cea66%22:%91%22background_color%22%93}&#8221;][et_pb_row column_structure=&#8221;1_2,1_2&#8243; _builder_version=&#8221;4.25.0&#8243; max_width=&#8221;1200px&#8221; overflow-x=&#8221;visible&#8221; overflow-y=&#8221;visible&#8221; custom_margin=&#8221;-57px||||false|false&#8221; custom_padding=&#8221;||||false|false&#8221; global_colors_info=&#8221;{}&#8221;][et_pb_column type=&#8221;1_2&#8243; _builder_version=&#8221;4.25.0&#8243; custom_padding=&#8221;7vw||100px||false|false&#8221; custom_padding_tablet=&#8221;0px||0px||true|false&#8221; custom_padding_phone=&#8221;&#8221; custom_padding_last_edited=&#8221;on|tablet&#8221; global_colors_info=&#8221;{}&#8221;][et_pb_text _builder_version=&#8221;4.25.0&#8243; text_font=&#8221;||||||||&#8221; text_text_color=&#8221;#000000&#8243; text_font_size=&#8221;18px&#8221; text_line_height=&#8221;2em&#8221; header_font=&#8221;Barlow|700|||||||&#8221; header_text_color=&#8221;#000000&#8243; header_font_size=&#8221;3.2vw&#8221; header_2_font=&#8221;|800|||||||&#8221; header_2_font_size=&#8221;88px&#8221; background_layout=&#8221;dark&#8221; animation_style=&#8221;slide&#8221; animation_direction=&#8221;left&#8221; animation_intensity_slide=&#8221;5%&#8221; text_font_size_tablet=&#8221;16px&#8221; text_font_size_phone=&#8221;14px&#8221; text_font_size_last_edited=&#8221;on|phone&#8221; header_font_size_tablet=&#8221;50px&#8221; header_font_size_phone=&#8221;36px&#8221; header_font_size_last_edited=&#8221;on|phone&#8221; header_2_font_size_tablet=&#8221;88px&#8221; header_2_font_size_phone=&#8221;50px&#8221; header_2_font_size_last_edited=&#8221;on|phone&#8221; locked=&#8221;off&#8221; global_colors_info=&#8221;{}&#8221;]<\/p>\n<div class=\"col-sm-6\">\n<div class=\"summary\">\n<h2 class=\"product-title\">MACROVIT<\/h2>\n<h1 class=\"product-title\">CATALOGS<\/h1>\n<p><span>Explore our wide range of products! Our catalog, where you can thoroughly examine products tailored to your needs, has been prepared to offer you the best solutions. Each of our products has been carefully selected to meet quality and performance standards.<\/span><\/p>\n<p><span><\/span><\/p>\n<p>&nbsp;<\/p>\n<p>&nbsp;<\/p>\n<\/div>\n<\/div>\n<div class=\"col-sm-6\"><\/div>\n<p>[\/et_pb_text][\/et_pb_column][et_pb_column type=&#8221;1_2&#8243; _builder_version=&#8221;4.16&#8243; global_colors_info=&#8221;{}&#8221;][et_pb_image src=&#8221;https:\/\/makrovit.com\/wp-content\/uploads\/2024\/09\/Katalog-1.webp&#8221; title_text=&#8221;Katalog&#8221; show_bottom_space=&#8221;off&#8221; _builder_version=&#8221;4.25.0&#8243; _module_preset=&#8221;default&#8221; transform_scale=&#8221;166%|166%&#8221; position_origin_r=&#8221;bottom_right&#8221; z_index=&#8221;19&#8243; width=&#8221;100%&#8221; custom_margin=&#8221;180px||||false|false&#8221; custom_margin_tablet=&#8221;180px||||false|false&#8221; custom_margin_phone=&#8221;-33px||85px||false|false&#8221; custom_margin_last_edited=&#8221;on|phone&#8221; animation_style=&#8221;slide&#8221; animation_direction=&#8221;bottom&#8221; animation_intensity_slide=&#8221;15%&#8221; global_colors_info=&#8221;{}&#8221;][\/et_pb_image][\/et_pb_column][\/et_pb_row][\/et_pb_section][et_pb_section fb_built=&#8221;1&#8243; custom_padding_last_edited=&#8221;off|desktop&#8221; admin_label=&#8221;Services&#8221; _builder_version=&#8221;4.25.0&#8243; custom_margin=&#8221;||||false|false&#8221; custom_margin_tablet=&#8221;-122px|||||&#8221; custom_margin_phone=&#8221;-31px||||false|false&#8221; custom_margin_last_edited=&#8221;on|phone&#8221; custom_padding=&#8221;||||false|false&#8221; custom_padding_tablet=&#8221;0px||0px||true|false&#8221; global_colors_info=&#8221;{}&#8221;][et_pb_row column_structure=&#8221;1_3,1_3,1_3&#8243; _builder_version=&#8221;4.25.0&#8243; max_width=&#8221;1200px&#8221; link_option_url=&#8221;#&#8221; global_colors_info=&#8221;{}&#8221;][et_pb_column type=&#8221;1_3&#8243; _builder_version=&#8221;4.25.0&#8243; animation_style=&#8221;slide&#8221; animation_direction=&#8221;bottom&#8221; animation_intensity_slide=&#8221;30%&#8221; global_colors_info=&#8221;{}&#8221;][et_pb_blurb title=&#8221;Genel \u00dcr\u00fcn Katalo\u011fu&#8221; image=&#8221;https:\/\/makrovit.com\/wp-content\/uploads\/2024\/09\/genel-Katalog.jpg&#8221; _builder_version=&#8221;4.25.0&#8243; header_level=&#8221;h3&#8243; header_font=&#8221;IBM Plex Sans Condensed|700|||||||&#8221; header_text_align=&#8221;center&#8221; header_font_size=&#8221;24px&#8221; header_line_height=&#8221;1.2em&#8221; body_font_size=&#8221;16px&#8221; body_line_height=&#8221;1.8em&#8221; link_option_url=&#8221;https:\/\/makrovit.com\/wp-content\/uploads\/2024\/09\/Makrovit-Katalog-Turkce-2023.pdf&#8221; link_option_url_new_window=&#8221;on&#8221; header_font_size_tablet=&#8221;&#8221; header_font_size_phone=&#8221;20px&#8221; header_font_size_last_edited=&#8221;on|phone&#8221; border_radii_image=&#8221;on|4px|4px|4px|4px&#8221; box_shadow_style_image=&#8221;preset3&#8243; global_colors_info=&#8221;{%22gcid-676d71be-c0a0-4e50-8a2c-ab454f9cea66%22:%91%22icon_color%22%93}&#8221;][\/et_pb_blurb][\/et_pb_column][et_pb_column type=&#8221;1_3&#8243; _builder_version=&#8221;4.25.0&#8243; animation_style=&#8221;slide&#8221; animation_direction=&#8221;bottom&#8221; animation_intensity_slide=&#8221;30%&#8221; global_colors_info=&#8221;{}&#8221;][et_pb_blurb title=&#8221; Poultry LS 2023&#8243; image=&#8221;https:\/\/makrovit.com\/wp-content\/uploads\/2024\/09\/Makrovit-POULTRY-LS-2023-1.webp&#8221; _builder_version=&#8221;4.25.0&#8243; header_level=&#8221;h3&#8243; header_font=&#8221;IBM Plex Sans Condensed|700|||||||&#8221; header_text_align=&#8221;center&#8221; header_font_size=&#8221;24px&#8221; header_line_height=&#8221;1.2em&#8221; body_font_size=&#8221;16px&#8221; body_line_height=&#8221;1.8em&#8221; link_option_url=&#8221;https:\/\/makrovit.com\/wp-content\/uploads\/2024\/09\/Makrovit-POULTRY-LS-2023.pdf&#8221; link_option_url_new_window=&#8221;on&#8221; header_font_size_tablet=&#8221;&#8221; header_font_size_phone=&#8221;20px&#8221; header_font_size_last_edited=&#8221;on|phone&#8221; border_radii_image=&#8221;on|4px|4px|4px|4px&#8221; box_shadow_style_image=&#8221;preset3&#8243; global_colors_info=&#8221;{%22gcid-676d71be-c0a0-4e50-8a2c-ab454f9cea66%22:%91%22icon_color%22%93}&#8221;][\/et_pb_blurb][\/et_pb_column][et_pb_column type=&#8221;1_3&#8243; _builder_version=&#8221;4.25.0&#8243; animation_style=&#8221;slide&#8221; animation_direction=&#8221;bottom&#8221; animation_intensity_slide=&#8221;30%&#8221; global_colors_info=&#8221;{}&#8221;][et_pb_blurb title=&#8221;Ruminant LS 2023&#8243; image=&#8221;https:\/\/makrovit.com\/wp-content\/uploads\/2024\/09\/Makrovit-Ruminant-LS-2023-1.webp&#8221; _builder_version=&#8221;4.25.0&#8243; header_level=&#8221;h3&#8243; header_font=&#8221;IBM Plex Sans Condensed|700|||||||&#8221; header_text_align=&#8221;center&#8221; header_font_size=&#8221;24px&#8221; header_line_height=&#8221;1.2em&#8221; body_font_size=&#8221;16px&#8221; body_line_height=&#8221;1.8em&#8221; link_option_url=&#8221;https:\/\/makrovit.com\/wp-content\/uploads\/2024\/09\/Makrovit-Ruminant-LS-2023.pdf&#8221; link_option_url_new_window=&#8221;on&#8221; hover_enabled=&#8221;0&#8243; header_font_size_tablet=&#8221;&#8221; header_font_size_phone=&#8221;20px&#8221; header_font_size_last_edited=&#8221;on|phone&#8221; border_radii_image=&#8221;on|4px|4px|4px|4px&#8221; box_shadow_style_image=&#8221;preset3&#8243; global_colors_info=&#8221;{%22gcid-676d71be-c0a0-4e50-8a2c-ab454f9cea66%22:%91%22icon_color%22%93}&#8221; sticky_enabled=&#8221;0&#8243; url_new_window=&#8221;on&#8221;][\/et_pb_blurb][\/et_pb_column][\/et_pb_row][\/et_pb_section]<\/p>","protected":false},"excerpt":{"rendered":"<p>MAKROVIT CATALOGues Discover our wide product range! Our catalogue, where you can examine the products suitable for your needs in detail, has been prepared to offer you the best solutions. Each of our products has been carefully selected to meet quality and performance standards. &nbsp; &nbsp;<\/p>","protected":false},"author":1,"featured_media":0,"parent":0,"menu_order":0,"comment_status":"closed","ping_status":"closed","template":"","meta":{"_acf_changed":false,"_et_pb_use_builder":"on","_et_pb_old_content":"","_et_gb_content_width":"","footnotes":""},"class_list":["post-1234","page","type-page","status-publish","hentry"],"acf":[],"_links":{"self":[{"href":"https:\/\/makro.oyedek.com\/en\/wp-json\/wp\/v2\/pages\/1234","targetHints":{"allow":["GET"]}}],"collection":[{"href":"https:\/\/makro.oyedek.com\/en\/wp-json\/wp\/v2\/pages"}],"about":[{"href":"https:\/\/makro.oyedek.com\/en\/wp-json\/wp\/v2\/types\/page"}],"author":[{"embeddable":true,"href":"https:\/\/makro.oyedek.com\/en\/wp-json\/wp\/v2\/users\/1"}],"replies":[{"embeddable":true,"href":"https:\/\/makro.oyedek.com\/en\/wp-json\/wp\/v2\/comments?post=1234"}],"version-history":[{"count":0,"href":"https:\/\/makro.oyedek.com\/en\/wp-json\/wp\/v2\/pages\/1234\/revisions"}],"wp:attachment":[{"href":"https:\/\/makro.oyedek.com\/en\/wp-json\/wp\/v2\/media?parent=1234"}],"curies":[{"name":"wp","href":"https:\/\/api.w.org\/{rel}","templated":true}]}}