{"id":2216,"date":"2025-08-04T07:18:47","date_gmt":"2025-08-04T07:18:47","guid":{"rendered":"https:\/\/makrovit.com\/?post_type=product&#038;p=2216"},"modified":"2025-12-11T08:16:01","modified_gmt":"2025-12-11T08:16:01","slug":"menoco-plus-30-rumen-korumali-kolin-klorur","status":"publish","type":"product","link":"https:\/\/makro.oyedek.com\/en\/product\/menoco-plus-30-rumen-protected-choline-chloride-2\/","title":{"rendered":"Menoco Plus 30 - Rumen Protected Choline Chloride"},"content":{"rendered":"<h2>Menoco Plus - Rumen Protected Choline Chloride<\/h2>\n<p>Menoco Plus is a highly absorbable, rumen-protected source of choline chloride that supports liver health and metabolism, especially developed for cows in transition. By increasing the efficiency of body fat mobilisation, it helps to close the energy gap and reduces the risk of fatty liver disease.<\/p>\n<h3 data-path-to-node=\"1,2\"><b>Benefits Provided:<\/b><\/h3>\n<p data-path-to-node=\"1,3\"><b>Liver Health and Metabolism:<\/b><\/p>\n<ul data-path-to-node=\"1,4\">\n<li>\n<p data-path-to-node=\"1,4,0,0\">Reduces fat accumulation in the liver (fatty liver syndrome).<\/p>\n<\/li>\n<li>\n<p data-path-to-node=\"1,4,1,0\">It reduces the production of ketone bodies by reducing the incomplete oxidation of NEFA (Nesterified Fatty Acids), thus preventing the risk of ketosis.<\/p>\n<\/li>\n<li>\n<p data-path-to-node=\"1,4,2,0\">It contributes to the maintenance of normal metabolic functions and glucose synthesis.<\/p>\n<\/li>\n<li>\n<p data-path-to-node=\"1,4,3,0\">It provides effective energy supply to the animal by increasing the efficiency of body fat metabolism.<\/p>\n<\/li>\n<\/ul>\n<p data-path-to-node=\"1,5\"><b>Milk Yield Performance:<\/b><\/p>\n<ul data-path-to-node=\"1,6\">\n<li>\n<p data-path-to-node=\"1,6,0,0\">Provides 1.21 kg increase in average daily milk yield.<\/p>\n<\/li>\n<li>\n<p data-path-to-node=\"1,6,1,0\">An increase of 1,55 kg was observed in peak milk yield.<\/p>\n<\/li>\n<li>\n<p data-path-to-node=\"1,6,2,0\">7-week average milk yield data provided a significant superiority compared to the control group.<\/p>\n<\/li>\n<\/ul>\n<p data-path-to-node=\"1,7\"><b>Technical Specifications:<\/b><\/p>\n<ul data-path-to-node=\"1,8\">\n<li>\n<p data-path-to-node=\"1,8,0,0\"><b>Active Component:<\/b> Choline Chloride (Ratio: <span class=\"math-inline\" data-math=\"\\ge \\%30\">$\\ge \\%30$<\/span>).<\/p>\n<\/li>\n<li>\n<p data-path-to-node=\"1,8,1,0\"><b>Rumen Passage (Bypass) Rate:<\/b> <span class=\"math-inline\" data-math=\"\\ge \\%90\">$\\ge \\%90$<\/span>.<\/p>\n<\/li>\n<li>\n<p data-path-to-node=\"1,8,2,0\"><b>Small Intestine Absorption Rate:<\/b> <span class=\"math-inline\" data-math=\"\\ge \\%90\">$\\ge \\%90$<\/span> (Precision absorption technology).<\/p>\n<\/li>\n<\/ul>\n<p data-path-to-node=\"1,9\"><b>Usage and Dosage:<\/b><\/p>\n<ul data-path-to-node=\"1,10\">\n<li>\n<p data-path-to-node=\"1,10,0,0\"><b>Dairy Cattle:<\/b> 25 - 50 grams\/animal per day.<\/p>\n<\/li>\n<li>\n<p data-path-to-node=\"1,10,1,0\"><b>Feeder Cattle:<\/b> 10 - 25 grams\/animal per day.<\/p>\n<\/li>\n<li>\n<p data-path-to-node=\"1,10,2,0\"><b>Sheep<\/b> 5 - 10 grams\/animal per day.<\/p>\n<\/li>\n<\/ul>","protected":false},"excerpt":{"rendered":"<p>Menoco Plus &#8211; Rumen Korumal\u0131 Kolin Klor\u00fcr Menoco Plus, \u00f6zellikle ge\u00e7i\u015f d\u00f6nemindeki inekler i\u00e7in geli\u015ftirilmi\u015f, karaci\u011fer sa\u011fl\u0131\u011f\u0131n\u0131 ve metabolizmay\u0131 destekleyen y\u00fcksek emilimli rumen korumal\u0131 kolin klor\u00fcr kayna\u011f\u0131d\u0131r. V\u00fccut ya\u011f\u0131 mobilizasyonunun etkinli\u011fini art\u0131rarak enerji a\u00e7\u0131\u011f\u0131n\u0131 kapatmaya yard\u0131mc\u0131 olur ve karaci\u011fer ya\u011flanmas\u0131 riskini azalt\u0131r. Sa\u011flad\u0131\u011f\u0131 Faydalar: Karaci\u011fer Sa\u011fl\u0131\u011f\u0131 ve Metabolizma: Karaci\u011ferde ya\u011f birikimini (ya\u011fl\u0131 karaci\u011fer sendromu) azalt\u0131r. [&hellip;]<\/p>","protected":false},"featured_media":2351,"template":"","meta":{"_acf_changed":false,"_et_pb_use_builder":"","_et_pb_old_content":"","_et_gb_content_width":""},"product_brand":[],"product_cat":[69,68],"product_tag":[],"class_list":{"0":"post-2216","1":"product","2":"type-product","3":"status-publish","4":"has-post-thumbnail","6":"product_cat-menon","7":"product_cat-rumen-korumali-urunler","9":"first","10":"instock","11":"shipping-taxable","12":"product-type-simple"},"acf":[],"_links":{"self":[{"href":"https:\/\/makro.oyedek.com\/en\/wp-json\/wp\/v2\/product\/2216","targetHints":{"allow":["GET"]}}],"collection":[{"href":"https:\/\/makro.oyedek.com\/en\/wp-json\/wp\/v2\/product"}],"about":[{"href":"https:\/\/makro.oyedek.com\/en\/wp-json\/wp\/v2\/types\/product"}],"wp:featuredmedia":[{"embeddable":true,"href":"https:\/\/makro.oyedek.com\/en\/wp-json\/wp\/v2\/media\/2351"}],"wp:attachment":[{"href":"https:\/\/makro.oyedek.com\/en\/wp-json\/wp\/v2\/media?parent=2216"}],"wp:term":[{"taxonomy":"product_brand","embeddable":true,"href":"https:\/\/makro.oyedek.com\/en\/wp-json\/wp\/v2\/product_brand?post=2216"},{"taxonomy":"product_cat","embeddable":true,"href":"https:\/\/makro.oyedek.com\/en\/wp-json\/wp\/v2\/product_cat?post=2216"},{"taxonomy":"product_tag","embeddable":true,"href":"https:\/\/makro.oyedek.com\/en\/wp-json\/wp\/v2\/product_tag?post=2216"}],"curies":[{"name":"wp","href":"https:\/\/api.w.org\/{rel}","templated":true}]}}