{"id":2219,"date":"2025-08-04T07:21:38","date_gmt":"2025-08-04T07:21:38","guid":{"rendered":"https:\/\/makrovit.com\/?post_type=product&#038;p=2219"},"modified":"2025-12-11T08:15:26","modified_gmt":"2025-12-11T08:15:26","slug":"menolys-60-rumen-korumali-lizin","status":"publish","type":"product","link":"https:\/\/makro.oyedek.com\/en\/product\/menolys-60-rumen-protected-lysine-2\/","title":{"rendered":"Menolys 60 - Rumen Protected Lysine"},"content":{"rendered":"<h2>Menolys 60 - Rumen Protected Lysine<\/h2>\n<p><span data-path-to-node=\"2,1,2\"><span class=\"citation-178\">Menolys 60 is a highly bioavailable, rumen-protected (bypass) lysine source developed to improve yield performance in dairy cows.<\/span><\/span><span data-path-to-node=\"2,1,4\">. <\/span><span data-path-to-node=\"2,1,6\"><span class=\"citation-177\">Thanks to its advanced coating technology, it ensures that the lysine amino acid passes through the rumen without being broken down in the rumen and is highly absorbed in the small intestine<\/span><\/span><span data-path-to-node=\"2,1,8\">.<\/span><\/p>\n<h3 data-path-to-node=\"2,2\"><b>Benefits Provided:<\/b><\/h3>\n<p data-path-to-node=\"2,3\"><span data-path-to-node=\"2,3,0\"><b>Milk Yield and Quality:<\/b><br \/>\n<\/span><span data-path-to-node=\"2,3,2\"><span class=\"citation-176\">* In the studies conducted, it was observed that milk yield increased by 1.33 kg per cow per day.<\/span><\/span><span data-path-to-node=\"2,3,4\">.<br \/>\n<\/span><span data-path-to-node=\"2,3,6\"><span class=\"citation-175\">* Improves milk quality by increasing milk protein ratio by %0,11 points<\/span><\/span><span data-path-to-node=\"2,3,8\">.<\/span><\/p>\n<p data-path-to-node=\"2,3\"><span data-path-to-node=\"2,4,0\"><b>Nitrogen Balance and Productivity:<\/b><br \/>\n<\/span><span data-path-to-node=\"2,4,2\"><span class=\"citation-174\">* Improves nitrogen utilisation efficiency by increasing nitrogen bioavailability<\/span><\/span><span data-path-to-node=\"2,4,4\">.<br \/>\n<\/span><span data-path-to-node=\"2,4,6\"><span class=\"citation-173\">* Kan \u00dcre Azotu (BUN) seviyesinde %12,57 oran\u0131nda azalma sa\u011flar<\/span><\/span><span data-path-to-node=\"2,4,8\">.<br \/>\n<\/span><span data-path-to-node=\"2,4,10\"><span class=\"citation-172\">* S\u00fct \u00dcre Azotu (MUN) seviyesinde %11,95 oran\u0131nda azalma sa\u011flayarak azot at\u0131l\u0131m\u0131n\u0131 ve \u00e7evresel etkiyi d\u00fc\u015f\u00fcr\u00fcr<\/span><\/span><span data-path-to-node=\"2,4,12\">.<\/span><\/p>\n<p data-path-to-node=\"2,3\"><span data-path-to-node=\"2,5,0\"><b>Technical Specifications:<\/b><br \/>\n<\/span><span data-path-to-node=\"2,5,2\"><span class=\"citation-171\">* <\/span><b><span class=\"citation-171\">Active Substance:<\/span><\/b><span class=\"citation-171\"> L-lizin hidroklor\u00fcr (Oran: En az %60)<\/span><\/span><span data-path-to-node=\"2,5,4\">.<br \/>\n<\/span><span data-path-to-node=\"2,5,6\"><span class=\"citation-170\">* <\/span><b><span class=\"citation-170\">Rumen Bypass Rate:<\/span><\/b><span class=\"citation-170\"> En az %90 (Rumende par\u00e7alanmaz)<\/span><\/span><span data-path-to-node=\"2,5,8\">.<br \/>\n<\/span><span data-path-to-node=\"2,5,10\"><span class=\"citation-169\">* <\/span><b><span class=\"citation-169\">Intestinal Absorption Rate:<\/span><\/b><span class=\"citation-169\"> En az %90 (Y\u00fcksek emilim)<\/span><\/span><span data-path-to-node=\"2,5,12\">.<\/span><\/p>\n<p data-path-to-node=\"2,3\"><span data-path-to-node=\"2,6,0\"><b>Usage and Dosage:<\/b><br \/>\n<\/span><span data-path-to-node=\"2,6,2\"><span class=\"citation-168\">* <\/span><b><span class=\"citation-168\">Dairy Cattle:<\/span><\/b><span class=\"citation-168\"> 20-40 grams per animal per day (mixed into TMR)<\/span><\/span><span data-path-to-node=\"2,6,4\">.<br \/>\n<\/span><span data-path-to-node=\"2,6,6\"><span class=\"citation-167\">* <\/span><b><span class=\"citation-167\">Concentrated Feeds:<\/span><\/b><span class=\"citation-167\"> 2-4 kg per tonne<\/span><\/span><span data-path-to-node=\"2,6,8\">.<\/span><\/p>\n<p><span data-path-to-node=\"2,6,10\"><span class=\"citation-166\">* Note: Dosage may vary depending on the ratio of lysine and methionine<\/span><\/span><span data-path-to-node=\"2,6,12\">.<\/span><\/p>","protected":false},"excerpt":{"rendered":"<p>Menolys 60 &#8211; Rumen Korumal\u0131 Lizin Menolys 60, s\u00fct ineklerinde verim performans\u0131n\u0131 art\u0131rmak amac\u0131yla geli\u015ftirilmi\u015f, y\u00fcksek biyoyararlan\u0131m sa\u011flayan rumen korumal\u0131 (bypass) lizin kayna\u011f\u0131d\u0131r. Geli\u015fmi\u015f kaplama teknolojisi sayesinde lizin amino asidinin i\u015fkembede (rumen) par\u00e7alanmadan ge\u00e7mesini ve ince ba\u011f\u0131rsakta y\u00fcksek oranda emilmesini sa\u011flar. Sa\u011flad\u0131\u011f\u0131 Faydalar: S\u00fct Verimi ve Kalitesi: * Yap\u0131lan \u00e7al\u0131\u015fmalarda s\u00fct veriminde inek ba\u015f\u0131na g\u00fcnl\u00fck [&hellip;]<\/p>","protected":false},"featured_media":2348,"template":"","meta":{"_acf_changed":false,"_et_pb_use_builder":"","_et_pb_old_content":"","_et_gb_content_width":""},"product_brand":[],"product_cat":[69,68],"product_tag":[],"class_list":{"0":"post-2219","1":"product","2":"type-product","3":"status-publish","4":"has-post-thumbnail","6":"product_cat-menon","7":"product_cat-rumen-korumali-urunler","9":"first","10":"instock","11":"shipping-taxable","12":"product-type-simple"},"acf":[],"_links":{"self":[{"href":"https:\/\/makro.oyedek.com\/en\/wp-json\/wp\/v2\/product\/2219","targetHints":{"allow":["GET"]}}],"collection":[{"href":"https:\/\/makro.oyedek.com\/en\/wp-json\/wp\/v2\/product"}],"about":[{"href":"https:\/\/makro.oyedek.com\/en\/wp-json\/wp\/v2\/types\/product"}],"wp:featuredmedia":[{"embeddable":true,"href":"https:\/\/makro.oyedek.com\/en\/wp-json\/wp\/v2\/media\/2348"}],"wp:attachment":[{"href":"https:\/\/makro.oyedek.com\/en\/wp-json\/wp\/v2\/media?parent=2219"}],"wp:term":[{"taxonomy":"product_brand","embeddable":true,"href":"https:\/\/makro.oyedek.com\/en\/wp-json\/wp\/v2\/product_brand?post=2219"},{"taxonomy":"product_cat","embeddable":true,"href":"https:\/\/makro.oyedek.com\/en\/wp-json\/wp\/v2\/product_cat?post=2219"},{"taxonomy":"product_tag","embeddable":true,"href":"https:\/\/makro.oyedek.com\/en\/wp-json\/wp\/v2\/product_tag?post=2219"}],"curies":[{"name":"wp","href":"https:\/\/api.w.org\/{rel}","templated":true}]}}