{"id":449,"date":"2024-06-24T12:06:26","date_gmt":"2024-06-24T12:06:26","guid":{"rendered":"https:\/\/makrovit.com\/?post_type=product&#038;p=449"},"modified":"2024-09-10T13:12:54","modified_gmt":"2024-09-10T13:12:54","slug":"atlar-icin-aminoasit-ve-izmineral-kompleksi","status":"publish","type":"product","link":"https:\/\/makro.oyedek.com\/en\/product\/amino-acid-and-trace-mineral-complex-for-horses-2\/","title":{"rendered":"PORTAMI\u0307N BOLTRACE"},"content":{"rendered":"<h2>Amino Acid And Trace Mineral Complex For Horses<\/h2>\n<p>INTENDED USE: It meets the amino acid and trace mineral needs of horses, it also fulfills nutritional needs that race horses should gain\nbefore race, and they lose after race. It provides the improvement of bone, teeth and cartilage tissue of foals. It is appetizing and yield enhancer. It has performance-enhancing effect. It improves sperm in stallions and ovum quality in mares. It helps to strengthen the immune system and provides more healthy development of pregnant mares' baby. It speeds up healing period in stressful terms and health problems. It contributes to the healthier appearance, and bright hair\nof horses.<br \/>\nUSAGE: It is used by being mixed to the daily feed of animals (per animal). Horses: 50g Foals: 25g<\/p>","protected":false},"excerpt":{"rendered":"<p>Atlar \u0130\u00e7in Aminoasit Ve \u0130zmineral Kompleksi KULLANIM AMACI: Atlar\u0131n aminoasit ve \u0130z mineral ihtiya\u00e7lar\u0131n\u0131 kar\u015f\u0131lar. Yar\u0131\u015f atlar\u0131n\u0131n yar\u0131\u015f \u00f6ncesi kazanmas\u0131 gereken ve sonras\u0131nda kaybetti\u011fi besin de\u011fer ihtiya\u00e7lar\u0131n\u0131 kar\u015f\u0131lar. Taylarda kemik, di\u015f, k\u0131k\u0131rdak dokunun geli\u015fimini sa\u011flar. \u0130\u015ftah a\u00e7\u0131c\u0131 ve verim art\u0131r\u0131c\u0131 \u00f6zelliktedir. Performans art\u0131r\u0131c\u0131 etkiye sahiptir. Ayg\u0131rlarda sperma, k\u0131sraklarda yumurta kalitesini art\u0131r\u0131r. Ba\u011f\u0131\u015f\u0131kl\u0131k sistemini g\u00fc\u00e7lenmesine yard\u0131mc\u0131 [&hellip;]<\/p>","protected":false},"featured_media":804,"template":"","meta":{"_acf_changed":false,"_et_pb_use_builder":"","_et_pb_old_content":"","_et_gb_content_width":""},"product_brand":[],"product_cat":[55,27],"product_tag":[],"class_list":{"0":"post-449","1":"product","2":"type-product","3":"status-publish","4":"has-post-thumbnail","6":"product_cat-atlar","7":"product_cat-performans-artirici-premiksler","9":"first","10":"instock","11":"shipping-taxable","12":"product-type-simple"},"acf":[],"_links":{"self":[{"href":"https:\/\/makro.oyedek.com\/en\/wp-json\/wp\/v2\/product\/449","targetHints":{"allow":["GET"]}}],"collection":[{"href":"https:\/\/makro.oyedek.com\/en\/wp-json\/wp\/v2\/product"}],"about":[{"href":"https:\/\/makro.oyedek.com\/en\/wp-json\/wp\/v2\/types\/product"}],"wp:featuredmedia":[{"embeddable":true,"href":"https:\/\/makro.oyedek.com\/en\/wp-json\/wp\/v2\/media\/804"}],"wp:attachment":[{"href":"https:\/\/makro.oyedek.com\/en\/wp-json\/wp\/v2\/media?parent=449"}],"wp:term":[{"taxonomy":"product_brand","embeddable":true,"href":"https:\/\/makro.oyedek.com\/en\/wp-json\/wp\/v2\/product_brand?post=449"},{"taxonomy":"product_cat","embeddable":true,"href":"https:\/\/makro.oyedek.com\/en\/wp-json\/wp\/v2\/product_cat?post=449"},{"taxonomy":"product_tag","embeddable":true,"href":"https:\/\/makro.oyedek.com\/en\/wp-json\/wp\/v2\/product_tag?post=449"}],"curies":[{"name":"wp","href":"https:\/\/api.w.org\/{rel}","templated":true}]}}